{"id":22,"date":"2020-08-28T12:34:04","date_gmt":"2020-08-28T12:34:04","guid":{"rendered":"https:\/\/fair-key.de\/?page_id=22"},"modified":"2020-08-28T12:34:32","modified_gmt":"2020-08-28T12:34:32","slug":"preise","status":"publish","type":"page","link":"https:\/\/fair-key.de\/?page_id=22","title":{"rendered":"Preise"},"content":{"rendered":"\t\t<div data-elementor-type=\"wp-page\" data-elementor-id=\"22\" class=\"elementor elementor-22\" data-elementor-settings=\"[]\">\n\t\t\t\t\t\t<div class=\"elementor-inner\">\n\t\t\t\t\t\t\t<div class=\"elementor-section-wrap\">\n\t\t\t\t\t\t\t<section class=\"elementor-section elementor-top-section elementor-element elementor-element-e3483ff elementor-section-boxed elementor-section-height-default elementor-section-height-default\" data-id=\"e3483ff\" data-element_type=\"section\">\n\t\t\t\t\t\t<div class=\"elementor-container elementor-column-gap-default\">\n\t\t\t\t\t\t\t<div class=\"elementor-row\">\n\t\t\t\t\t<div class=\"elementor-column elementor-col-100 elementor-top-column elementor-element elementor-element-fef1295\" data-id=\"fef1295\" data-element_type=\"column\">\n\t\t\t<div class=\"elementor-column-wrap elementor-element-populated\">\n\t\t\t\t\t\t\t<div class=\"elementor-widget-wrap\">\n\t\t\t\t\t\t<div class=\"elementor-element elementor-element-3f0ed04 elementor-widget elementor-widget-text-editor\" data-id=\"3f0ed04\" data-element_type=\"widget\" data-widget_type=\"text-editor.default\">\n\t\t\t\t<div class=\"elementor-widget-container\">\n\t\t\t\t\t<div class=\"elementor-text-editor elementor-clearfix\"><p align=\"left\">T\u00fcr\u00f6ffnungen bei zugezogenen T\u00fcren:\u00a0\u00a0\u00a0\u00a0<\/p><table border=\"1\" cellspacing=\"0\" cellpadding=\"3\"><tbody><tr><td width=\"137\"><p>Tag<\/p><\/td><td width=\"145\"><p>Tageszeit<\/p><\/td><td width=\"213\"><p>Im Endpreis enthaltene Leistungen<\/p><\/td><td width=\"75\"><p>Endpreise<\/p><\/td><\/tr><tr><td><p>Montag-Freitag<\/p><\/td><td><p>08.00 &#8211; 18.00 Uhr<\/p><\/td><td><p>Anfahrt+T\u00fcr\u00f6ffnung+19%Mwst.<\/p><\/td><td><p align=\"right\">\u00a059,- EUR<\/p><\/td><\/tr><tr><td><p>Montag-Freitag<\/p><\/td><td><p>18.00 &#8211; 22.00 Uhr<\/p><\/td><td><p>Anfahrt+T\u00fcr\u00f6ffnung+19%Mwst.<\/p><\/td><td><p align=\"right\">\u00a0\u00a075,- EUR<\/p><\/td><\/tr><tr><td><p>Montag-Freitag<\/p><\/td><td><p>22.00 &#8211; 08.00 Uhr<\/p><\/td><td><p>Anfahrt+T\u00fcr\u00f6ffnung+19%Mwst.<\/p><\/td><td><p align=\"right\">105,- EUR<\/p><\/td><\/tr><tr><td><p>Samstag<\/p><\/td><td><p>08.00 &#8211; 14.00 Uhr<\/p><\/td><td><p>Anfahrt+T\u00fcr\u00f6ffnung+19%Mwst.<\/p><\/td><td><p align=\"right\">75,- EUR<\/p><\/td><\/tr><tr><td><p>Samstag<\/p><\/td><td><p>14.00 &#8211; 24.00 Uhr<\/p><\/td><td><p>Anfahrt+T\u00fcr\u00f6ffnung+19%Mwst.<\/p><\/td><td><p align=\"right\">90,- EUR<\/p><\/td><\/tr><tr><td><p>Sonntag<\/p><\/td><td><p>00.00 &#8211; 24.00 Uhr<\/p><\/td><td><p>Anfahrt+T\u00fcr\u00f6ffnung+19%Mwst.<\/p><\/td><td><p align=\"right\">115,- EUR<\/p><\/td><\/tr><\/tbody><\/table><p>\u00a0<\/p><p>T\u00fcr\u00f6ffnung bei notwendiger Zylinderzerst\u00f6rung:<\/p><table border=\"1\" cellspacing=\"0\" cellpadding=\"3\"><tbody><tr><td width=\"137\"><p>Tag<\/p><\/td><td width=\"145\"><p>Tageszeit<\/p><\/td><td width=\"213\"><p>Im Endpreis enthaltene Leistungen<\/p><\/td><td width=\"75\"><p>Endpreise<\/p><\/td><\/tr><tr><td><p>Montag-Freitag<\/p><\/td><td><p>08.00 &#8211; 18.00 Uhr<\/p><\/td><td><p>Anfahrt+T\u00fcr\u00f6ffnung+19%Mwst.<\/p><\/td><td><p align=\"right\">79,- EUR<\/p><\/td><\/tr><tr><td><p>Montag-Freitag<\/p><\/td><td><p>18.00 &#8211; 22.00 Uhr<\/p><\/td><td><p>Anfahrt+T\u00fcr\u00f6ffnung+19%Mwst.<\/p><\/td><td><p align=\"right\">\u00a0\u00a090,- EUR<\/p><\/td><\/tr><tr><td><p>Montag-Freitag<\/p><\/td><td><p>22.00 &#8211; 08.00 Uhr<\/p><\/td><td><p>Anfahrt+T\u00fcr\u00f6ffnung+19%Mwst.<\/p><\/td><td><p align=\"right\">125,- EUR<\/p><\/td><\/tr><tr><td><p>Samstag<\/p><\/td><td><p>08.00 &#8211; 14.00 Uhr<\/p><\/td><td><p>Anfahrt+T\u00fcr\u00f6ffnung+19%Mwst.<\/p><\/td><td><p align=\"right\">90,- EUR<\/p><\/td><\/tr><tr><td><p>Samstag<\/p><\/td><td><p>14.00 &#8211; 24.00 Uhr<\/p><\/td><td><p>Anfahrt+T\u00fcr\u00f6ffnung+19%Mwst.<\/p><\/td><td><p align=\"right\">110,- EUR<\/p><\/td><\/tr><tr><td><p>Sonntag<\/p><\/td><td><p>00.00 &#8211; 24.00 Uhr<\/p><\/td><td><p>Anfahrt+T\u00fcr\u00f6ffnung+19%Mwst.<\/p><\/td><td><p align=\"right\">139,- EUR<\/p><\/td><\/tr><\/tbody><\/table><p>\u00a0<\/p><p>T\u00fcr\u00f6ffnungen nach Funktionsausfall des Einsteckschlosses ( Fallen-, Riegel- oder Wechselbruch ) sowie mit notwendiger Zerst\u00f6rung eines Panzer- bzw. Ziehschutzbeschlages, sowie das Ausfr\u00e4sen von Hochsicherheitszylindern inklusive 1 St\u00fcck Hartmetallfr\u00e4ser ( in der Regel ausreichend), bei uns gelten immer FESTPREISE:\u00a0\u00a0\u00a0\u00a0\u00a0\u00a0<\/p><table border=\"1\" cellspacing=\"0\" cellpadding=\"3\"><tbody><tr><td width=\"137\"><p>Tag<\/p><\/td><td width=\"145\"><p>Tageszeit<\/p><\/td><td width=\"213\"><p>Im Endpreis enthaltene Leistungen<\/p><\/td><td width=\"75\"><p>Endpreise<\/p><\/td><\/tr><tr><td><p>Montag-Freitag<\/p><\/td><td><p>08.00 &#8211; 18.00 Uhr<\/p><\/td><td><p>Anfahrt+T\u00fcr\u00f6ffnung+19%Mwst.<\/p><\/td><td><p align=\"right\">125,- EUR<\/p><\/td><\/tr><tr><td><p>Montag-Freitag<\/p><\/td><td><p>18.00 &#8211; 22.00 Uhr<\/p><\/td><td><p>Anfahrt+T\u00fcr\u00f6ffnung+19%Mwst.<\/p><\/td><td><p align=\"right\">\u00a0\u00a0180,- EUR<\/p><\/td><\/tr><tr><td><p>Montag-Freitag<\/p><\/td><td><p>22.00 &#8211; 08.00 Uhr<\/p><\/td><td><p>Anfahrt+T\u00fcr\u00f6ffnung+19%Mwst.<\/p><\/td><td><p align=\"right\">210,- EUR<\/p><\/td><\/tr><tr><td><p>Samstag<\/p><\/td><td><p>08.00 &#8211; 14.00 Uhr<\/p><\/td><td><p>Anfahrt+T\u00fcr\u00f6ffnung+19%Mwst.<\/p><\/td><td><p align=\"right\">220,- EUR<\/p><\/td><\/tr><tr><td><p>Samstag<\/p><\/td><td><p>14.00 &#8211; 24.00 Uhr<\/p><\/td><td><p>Anfahrt+T\u00fcr\u00f6ffnung+19%Mwst.<\/p><\/td><td><p align=\"right\">240,- EUR<\/p><\/td><\/tr><tr><td><p>Sonntag<\/p><\/td><td><p>00.00 &#8211; 24.00 Uhr<\/p><\/td><td><p>Anfahrt+T\u00fcr\u00f6ffnung+19%Mwst.<\/p><\/td><td><p align=\"right\">250,- EUR<\/p><\/td><\/tr><\/tbody><\/table><p>\u00a0<\/p><p><strong>Materialpreise zzgl. Montage und Mehrwertsteuer:<\/strong><\/p><table border=\"0\" width=\"95%\" cellpadding=\"3\"><tbody><tr><td>Standardschlie\u00dfzylinder L= 30\/30 inkl. 3 Schl\u00fcssel<\/td><td align=\"right\">ab 25,00 \u20ac<\/td><\/tr><tr><td>Auf Wunsch liefern wir Ihnen Schlie\u00dfzylinder aller Fabrikate.<\/td><td align=\"right\">\u00a0<\/td><\/tr><tr><td>\u00a0<\/td><td align=\"right\">\u00a0<\/td><\/tr><tr><td>Einsteckschl\u00f6sser 72\/55\/20<\/td><td align=\"right\">ab 15,00 \u20ac<\/td><\/tr><tr><td>Einstechschl\u00f6sser 92\/65\/20<\/td><td align=\"right\">ab 25,00 \u20ac<\/td><\/tr><tr><td>Rohrrahmenschl\u00f6sser 92\/25\u00a0 30\u00a0 35\u00a0 40\u00a0 45 &#8211; \/20<\/td><td align=\"right\">ab 50,00 \u20ac<\/td><\/tr><tr><td>\u00a0<\/td><td align=\"right\">\u00a0<\/td><\/tr><tr><td>Sicherheits-Wechselgarnitur F1\u00a0 F3<\/td><td align=\"right\">ab 40,00 \u20ac<\/td><\/tr><tr><td>Auf Wunsch liefern wir Ihnen Sicherheitsbeschl\u00e4ge jeglicher Art.<\/td><td align=\"right\">\u00a0<\/td><\/tr><tr><td>\u00a0<\/td><td align=\"right\">\u00a0<\/td><\/tr><tr><td>Monteurstunde im Notdienst<\/td><td align=\"right\">55,00 \u20ac<\/td><\/tr><tr><td>KFZ-Kostenpauschale<\/td><td align=\"right\">20,00 \u20ac<\/td><\/tr><\/tbody><\/table><p><strong>PREISVERGLEICH?\u00a0<\/strong><\/p><p>Ein Preisvergleich ist immer gut , aber bedenken Sie eins ,wie k\u00f6nnen Firmen \u00fcberleben die Ihre T\u00fcr f\u00fcr 30 \u20ac oder weniger aufmachen .<br \/>Wir k\u00f6nnen dies leider nicht da wir wie jede andere Firma auch Fahrzeug,-Personal,-Werbungs,-und andere Kosten haben. Es gibt immer wieder Fernsehberichte von unseri\u00f6sen Firmen die mit &#8220;Absicht&#8221; zerst\u00f6ren.<br \/>Wir bem\u00fchen uns immer T\u00fcren ohne Sch\u00e4den an Zylindern,Beschl\u00e4gen oder Schl\u00f6ssern zu \u00f6ffnen.Rechnen\u00a0Sie mit unserer Seri\u00f6sit\u00e4t.<br \/>Sollten Sie nicht in unserem Einzugsbereich sein, oder entscheiden Sie sich f\u00fcr einen anderen Schl\u00fcsseldienst, achten Sie darauf, das der von Ihnen ausgesuchte Schl\u00fcsseldienst eine feste Adresse hat und fragen Sie nach den Preisen und wie hoch die Anfahrtskosten sind.<br \/>Ein seri\u00f6ser Schl\u00fcsseldienst \u00fcberpr\u00fcft Ihre Personalien, um festzustellen, ob Sie auch berechtigt sind, diese T\u00fcr \u00f6ffnen zu lassen.<br \/>Lassen Sie sich erkl\u00e4ren, warum eine T\u00fcr sich, gegebenenfalls nicht zerst\u00f6rungsfrei, \u00f6ffnen l\u00e4sst. Eine zugefallene T\u00fcr l\u00e4sst sich meist ohne Zerst\u00f6rung \u00f6ffnen.<br \/>M\u00f6gliche Erkl\u00e4rungen f\u00fcr eine nicht zerst\u00f6rungsfreie \u00d6ffnung: T\u00fcrblatt sitzt zu eng in der T\u00fcrzarge. Die T\u00fcr ist eine Doppelfalzt\u00fcr.<\/p><\/div>\n\t\t\t\t<\/div>\n\t\t\t\t<\/div>\n\t\t\t\t\t\t<\/div>\n\t\t\t\t\t<\/div>\n\t\t<\/div>\n\t\t\t\t\t\t\t\t<\/div>\n\t\t\t\t\t<\/div>\n\t\t<\/section>\n\t\t\t\t\t\t<\/div>\n\t\t\t\t\t\t<\/div>\n\t\t\t\t\t<\/div>\n\t\t","protected":false},"excerpt":{"rendered":"<p>T\u00fcr\u00f6ffnungen bei zugezogenen T\u00fcren:\u00a0\u00a0\u00a0\u00a0 Tag Tageszeit Im Endpreis enthaltene Leistungen Endpreise Montag-Freitag 08.00 &#8211; 18.00 Uhr Anfahrt+T\u00fcr\u00f6ffnung+19%Mwst. \u00a059,- EUR Montag-Freitag 18.00 &#8211; 22.00 Uhr Anfahrt+T\u00fcr\u00f6ffnung+19%Mwst. \u00a0\u00a075,- EUR Montag-Freitag 22.00 &#8211; 08.00 Uhr Anfahrt+T\u00fcr\u00f6ffnung+19%Mwst. 105,- EUR Samstag 08.00 &#8211; 14.00 Uhr Anfahrt+T\u00fcr\u00f6ffnung+19%Mwst. 75,- EUR Samstag 14.00 &#8211; 24.00 Uhr Anfahrt+T\u00fcr\u00f6ffnung+19%Mwst. 90,- EUR Sonntag 00.00 &#8211; 24.00 [&hellip;]<\/p>\n","protected":false},"author":1,"featured_media":0,"parent":0,"menu_order":0,"comment_status":"closed","ping_status":"closed","template":"elementor_header_footer","meta":[],"_links":{"self":[{"href":"https:\/\/fair-key.de\/index.php?rest_route=\/wp\/v2\/pages\/22"}],"collection":[{"href":"https:\/\/fair-key.de\/index.php?rest_route=\/wp\/v2\/pages"}],"about":[{"href":"https:\/\/fair-key.de\/index.php?rest_route=\/wp\/v2\/types\/page"}],"author":[{"embeddable":true,"href":"https:\/\/fair-key.de\/index.php?rest_route=\/wp\/v2\/users\/1"}],"replies":[{"embeddable":true,"href":"https:\/\/fair-key.de\/index.php?rest_route=%2Fwp%2Fv2%2Fcomments&post=22"}],"version-history":[{"count":2,"href":"https:\/\/fair-key.de\/index.php?rest_route=\/wp\/v2\/pages\/22\/revisions"}],"predecessor-version":[{"id":24,"href":"https:\/\/fair-key.de\/index.php?rest_route=\/wp\/v2\/pages\/22\/revisions\/24"}],"wp:attachment":[{"href":"https:\/\/fair-key.de\/index.php?rest_route=%2Fwp%2Fv2%2Fmedia&parent=22"}],"curies":[{"name":"wp","href":"https:\/\/api.w.org\/{rel}","templated":true}]}}