{"id":11,"date":"2020-08-28T12:30:09","date_gmt":"2020-08-28T12:30:09","guid":{"rendered":"https:\/\/fair-key.de\/?page_id=11"},"modified":"2020-08-28T12:30:59","modified_gmt":"2020-08-28T12:30:59","slug":"agb","status":"publish","type":"page","link":"https:\/\/fair-key.de\/?page_id=11","title":{"rendered":"AGB"},"content":{"rendered":"\t\t<div data-elementor-type=\"wp-page\" data-elementor-id=\"11\" class=\"elementor elementor-11\" data-elementor-settings=\"[]\">\n\t\t\t\t\t\t<div class=\"elementor-inner\">\n\t\t\t\t\t\t\t<div class=\"elementor-section-wrap\">\n\t\t\t\t\t\t\t<section class=\"elementor-section elementor-top-section elementor-element elementor-element-531717d elementor-section-boxed elementor-section-height-default elementor-section-height-default\" data-id=\"531717d\" data-element_type=\"section\">\n\t\t\t\t\t\t<div class=\"elementor-container elementor-column-gap-default\">\n\t\t\t\t\t\t\t<div class=\"elementor-row\">\n\t\t\t\t\t<div class=\"elementor-column elementor-col-100 elementor-top-column elementor-element elementor-element-fc0db1b\" data-id=\"fc0db1b\" data-element_type=\"column\">\n\t\t\t<div class=\"elementor-column-wrap elementor-element-populated\">\n\t\t\t\t\t\t\t<div class=\"elementor-widget-wrap\">\n\t\t\t\t\t\t<div class=\"elementor-element elementor-element-21c82f1 elementor-widget elementor-widget-text-editor\" data-id=\"21c82f1\" data-element_type=\"widget\" data-widget_type=\"text-editor.default\">\n\t\t\t\t<div class=\"elementor-widget-container\">\n\t\t\t\t\t<div class=\"elementor-text-editor elementor-clearfix\"><p align=\"center\">Allgemeine Gesch\u00e4ftsbedingungen<\/p><p>1. G\u00fcltigkeitsbereich<\/p><p>F\u00fcr alle Angebote, Lieferungen und Leistungen gelten ausschlie\u00dflich nachstehende Allgemeine Gesch\u00e4ftsbedingungen. Gesonderte Vereinbarungen bei oder nach Vertragsabschlu\u00df bed\u00fcrfen der Schriftform. Abweichende Bedingungen des Kunden werden weder ganz noch teilweise Inhalt des Vertrages, auch wenn ihnen nicht ausdr\u00fccklich widersprochen wird. Sollten eine oder mehrere der nachstehende Bedingungen von g\u00fcltigen Gesetzen abweichen, werden sie automatisch durch die gesetzlichen Regelungen ersetzt. Fehlende Regelungen der nachfolgenden Bedingungen werden automatisch durch die gesetzlichen Regelungen erg\u00e4nzt.<\/p><p>2. Angebote und Lieferumfang<\/p><p>Unsere Angebote sind nur bei Auftragserteilung innerhalb von 4 Wochen g\u00fcltig. M\u00fcndliche, insbesondere telefonische Angebote sind unverbindlich, da Irrt\u00fcmer und Missverst\u00e4ndnisse nicht ausgeschlossen werden k\u00f6nnen. Die vom Auftraggeber unterzeichnete Bestellung ist ein bindendes Angebot. Der Vertrag gilt als abgeschlossen, wenn der Auftraggeber die Annahme der Bestellung der n\u00e4her bezeichneten Leistung mit seiner rechtsverbindlichen Unterschrift best\u00e4tigt hat. Der Auftragnehmer ist jedoch verpflichtet, eine etwaige Ablehnung der Bestellung unverz\u00fcglich nach Lieferbarkeit schriftlich mitzuteilen. Bei Stornierungen durch den Auftraggeber aus Gr\u00fcnden, die vom Auftragnehmer nicht zu vertreten sind ist der Auftragnehmer berechtigt eine Stornogeb\u00fchr zu erheben. Die Geb\u00fchr richtet sich nach der H\u00f6he, des dem Auftragnehmer entstandenen Schadens und betr\u00e4gt in jedem Fall 25% des Auftragswertes. Dem Auftraggeber wird der Nachweis gestattet, dass ein schaden \u00fcberhaupt nicht entstanden oder wesentlich niedriger als die Pauschale ist.<\/p><p>3. Versandauftr\u00e4ge<\/p><p>Versand- und Verpackungskosten sind nicht in den Artikelpreisen enthalten und werden zum Selbstkostenpreis berechnet. Die Gefahr geht in allen F\u00e4llen mit Absenden der Ware ab unserem Lager an den Auftraggeber ( Besteller ) \u00fcber, auch dann, wenn frachtfreie Lieferung vereinbart wurde. Die Geltendmachung von Transportsch\u00e4den gegen\u00fcber dem daf\u00fcr haftenden Unternehmen obliegt ausschlie\u00dflich dem Auftraggeber ( Besteller ).<\/p><p>4. Montage- und Reparaturauftr\u00e4ge, Notdiensteins\u00e4tze<\/p><p>Der Anrufer gilt als Auftraggeber, es sei denn, dass er die Zahlungsverpflichtung eines Dritten nachweist. Der Auftraggeber ist Zahlungsverpflichteter. Im Angebot nicht ausdr\u00fccklich veranschlagte Leistungen, die zur Durchf\u00fchrung des Auftrages auf Verlangen des Auftraggebers ausgef\u00fchrt werden, werden zus\u00e4tzlich in Rechnung gestellt. Die Preise verstehen sich f\u00fcr normale Arbeitszeiten und Arbeitsleistungen. F\u00fcr \u00dcberstunden-, Nacht-, Sonn- und Feiertagsstunden sowie f\u00fcr Arbeiten unter erschwerten oder besonders gef\u00e4hrlichen Bedingungen werden die entsprechenden Zuschl\u00e4ge auf den Effektivlohn aufgeschlagen. Der Besitz und die Vorlage eines Schl\u00fcssels zur Nachahmung oder \u00d6ffnung von T\u00fcren jeglicher Art entbindet uns von der Frage nach der Berechtigung. In Sonderf\u00e4llen ist der Monteur berechtigt, Arbeiten nur nach Vorlage eines g\u00fcltigen Lichtbildausweises auszuf\u00fchren. Ausgebaute Schlossteile bei aufsperrtechnischen Dienstleistungen gehen aus Sicherheitsgr\u00fcnden in unseren Besitz \u00fcber und werden vernichtet, um Dritten keine Studienobjekte f\u00fcr Schloss\u00f6ffnungen zu verschaffen.<\/p><p>5. Liefertermine<\/p><p>Im Angebot genannte Liefer- und Ausf\u00fchrungstermine sind aufgrund von Erfahrungen gesch\u00e4tzt. Genaue Termine k\u00f6nnen erst nach Auftragsbest\u00e4tigung und Klarstellung aller Einzelheiten genannt werden. Kommt der Auftragnehmer jedoch in Leistungsverzug, welcher durch den Auftraggeber schriftlich anzuzeigen ist oder wird die Leistung aus bestimmten Gr\u00fcnden unm\u00f6glich, so kann der Auftraggeber\u00a0 im ersten Fall jedoch nur nach Setzung einer angemessenen Nachfrist\u00a0 sich vom Vertrag l\u00f6sen. Der Auftraggeber kann Schadenersatz wegen Verzuges nur bei Vorsatz oder grober Fahrl\u00e4ssigkeit des Auftragnehmers geltend machen. Entstehen nach Auftragserteilung ernsthafte oder erhebliche Bedenken gegen die Zahlungsf\u00e4higkeit und\/oder Zahlungsbereitschaft des Auftraggebers, so darf der Auftragnehmer die Leistung verweigern, bis die Zahlung erfolgt oder f\u00fcr sie eine Sicherheit erbracht ist. Dies gilt auch f\u00fcr vereinbarte \u00e0-konto-Zahlungen.<\/p><p>6. Gew\u00e4hrleistung<\/p><p>Der Auftraggeber ist verpflichtet, die gelieferte Ware, bzw. die von uns erbrachte Arbeitsleistung zu pr\u00fcfen und M\u00e4ngel unverz\u00fcglich schriftlich anzuzeigen. F\u00fcr M\u00e4ngel der Lieferung, au\u00dfer bei Fehlen zugesicherter Eigenschaften oder bei schuldhafter Verletzung vertragswesentlicher Pflichten\u00a0 haften wir unter Ausschluss weiterer Anspr\u00fcche wie folgt: Die gesetzliche Gew\u00e4hrleistungsfrist bei Neuprodukten ab Gefahren\u00fcbergang betragen bei privater Nutzung 24 Monate, bei gewerblicher oder teilgewerblicher Nutzung 12 Monate. Wird im rahmen der Gew\u00e4hrleistung nachgebessert oder nachgeliefert, l\u00f6st dies keinen neuen Beginn der Gew\u00e4hrleistungsfrist aus. Die Gew\u00e4hrleistungsfrist von gebrauchten Produkten betr\u00e4gt bei privater Nutzung 12 Monate, bei gewerblicher oder teilgewerblicher Nutzung wird die Gew\u00e4hrleistung ausgeschlossen .Im Falle der M\u00e4ngelbeseitigung ist der Auftragnehmer verpflichtet, alle zum Zwecke der M\u00e4ngelbeseitigung erforderlichen Aufwendungen zu tragen, soweit diese sich nicht erh\u00f6hen, weil die Kaufsache an einen anderen Ort als den Erf\u00fcllungsort verbracht wurde. Schl\u00e4gt eine Nacherf\u00fcllung fehl, steht dem Auftraggeber unter Ausschluss aller weiteren Anspr\u00fcche gem\u00e4\u00df den \u00a7\u00a7 440, 323, 326 V. BGB, nur das Recht zu von dem Vertrag zur\u00fcck zu treten oder gem\u00e4\u00df \u00a7442 BGB den Kaufpreis zu mindern.<\/p><p>Die Gew\u00e4hrleistung bezieht sich nicht auf Sch\u00e4den in Folge normaler Abnutzung. Gibt der Auftraggeber dem Auftragnehmer keine angemessene Zeit sich vom Mangel zu \u00fcberzeugen und ihn zu beseitigen ( Nachbesserung bzw. Nachlieferung ), erl\u00f6schen alle M\u00e4ngelanspr\u00fcche. Weitere Anspr\u00fcche des Auftraggebers, insbesondere wegen Fehlens zugesicherter Eigenschaften oder aufgrund von Sch\u00e4den die nicht an dem Liefergegenstand selbst entstanden sind, werden, soweit gesetzlich zul\u00e4ssig, ausgeschlossen. Schadenersatzanspr\u00fcche aus Delikt sind ausgeschlossen, es sei denn, der Schaden wurde vors\u00e4tzlich oder grob fahrl\u00e4ssig verursacht. Dies gilt auch bei Handlungen unserer Erf\u00fcllungs- und Verrichtungsgehilfen. Die gesetzlichen Regelungen zur Beweislast bleiben unber\u00fchrt. Die Regelung gilt nicht f\u00fcr Anspr\u00fcche aus dem Produkthaftungsgesetz, sowie f\u00fcr F\u00e4lle des Unverm\u00f6gens und der Unm\u00f6glichkeit. Anspr\u00fcche Auf Schadenersatz sind der H\u00f6he nach auf den Auftragswert begrenzt.<\/p><p>7. Eigentumsvorbehalt<\/p><p>Die Lieferung und Leistungen bleiben bis zum Eingang aller Zahlungen aus dem Vertrag Eigentum des Auftragnehmers. Soweit Liefergegenst\u00e4nde wesentlicher Bestandteil des Bauwerks geworden sind, verpflichtet sich der Auftraggeber, bei Nichteinhaltung der vereinbarten Zahlungsziele zur Demontage der Gegenst\u00e4nde, die ohne wesentliche Beeintr\u00e4chtigung des Bauk\u00f6rpers ausgebaut werden k\u00f6nnen, zu gestatten und dem Auftragnehmer das Eigentum an diesen Gegenst\u00e4nden zur\u00fcck zu \u00fcbertragen. Beeintr\u00e4chtigt der Auftraggeber die vorhandenen Rechte des Auftragnehmers, so ist er diesem zu Schadenersatz verpflichtet. Die Demontage und sonstigen anfallenden Kosten gehen zu Lasten des Auftraggebers. Die Geltendmachung des Eigentumsvorbehaltes sowie die Pf\u00e4ndung der Liefergegenst\u00e4nde durch den Auftragnehmer gelten nicht als R\u00fccktritt vom Vertrag, sofern nicht die Bestimmungen des im BGB eingearbeiteten Verbraucherkreditgesetztes Anwendung finden oder dies ausdr\u00fccklich durch den Auftragnehmer schriftlich erkl\u00e4rt wird.<\/p><p>8. Zahlungsbedingungen<\/p><p>Arbeiten Dienstleistungen und Lieferungen sind ohne Abzug sofort zahlbar. Unsere Monteure sind zum Inkasso verpflichtet, wie bei der Auftragsannahme ausdr\u00fccklich vereinbart. F\u00fcr Firmen und Grossabnehmer kann ein Zahlungsziel von 14 Tagen ohne jeglichen Abzug vereinbart werden.<\/p><p>Der Auftragnehmer fakturiert nach dem Gesetz zur Beschleunigung f\u00e4lliger Zahlungen vom 30.03.2003. Demnach m\u00fcndet ein Vorgang, sofern keine andere Vereinbarung getroffen wurde, automatisch nach Ablauf der gesetzlichen Frist von 30 Tagen im Mahnverfahren.<\/p><p>9. Gerichtsstand, Erf\u00fcllungsort, Rechtswirksamkeit<\/p><p>Sofern sich aus der Auftragsbest\u00e4tigung nichts anderes ergibt ist der Gesch\u00e4ftssitz des Auftragnehmers der Erf\u00fcllungsort. F\u00fcr alle Rechtsstreitigkeiten, auch im Rahmen eines Wechsel- oder Scheckprozesses, ist der Gesch\u00e4ftssitz des Auftragnehmers der Gerichtsstand., wenn der Auftraggeber Kaufmann, eine juristische Person des \u00f6ffentliche Rechts oder eines \u00f6ffentlichen Sonderverm\u00f6gens ist. Auf die Vertragsbeziehung sind ausschlie\u00dflich die Gesetze der Bundesrepublik Deutschland anzuwenden. Sollten einzelne Bestimmungen rechtsunwirksam sein oder werden oder sollte sich eine L\u00fccke im vertrag ergeben, so ber\u00fchrt das die Wirksamkeit des \u00fcbrigen Vertragsinhaltes nicht. \u00dcbertragungen von rechten und Pflichten aus dem geschlossenen Vertrag bed\u00fcrfen zu Ihrer Wirksamkeit der schriftlichen Zustimmung.<\/p><p>Jens Kiewning, Hausmeister- und Montageservice, 24h Fair-Key Schl\u00fcsseldienst<\/p><\/div>\n\t\t\t\t<\/div>\n\t\t\t\t<\/div>\n\t\t\t\t\t\t<\/div>\n\t\t\t\t\t<\/div>\n\t\t<\/div>\n\t\t\t\t\t\t\t\t<\/div>\n\t\t\t\t\t<\/div>\n\t\t<\/section>\n\t\t\t\t\t\t<\/div>\n\t\t\t\t\t\t<\/div>\n\t\t\t\t\t<\/div>\n\t\t","protected":false},"excerpt":{"rendered":"<p>Allgemeine Gesch\u00e4ftsbedingungen 1. G\u00fcltigkeitsbereich F\u00fcr alle Angebote, Lieferungen und Leistungen gelten ausschlie\u00dflich nachstehende Allgemeine Gesch\u00e4ftsbedingungen. Gesonderte Vereinbarungen bei oder nach Vertragsabschlu\u00df bed\u00fcrfen der Schriftform. Abweichende Bedingungen des Kunden werden weder ganz noch teilweise Inhalt des Vertrages, auch wenn ihnen nicht ausdr\u00fccklich widersprochen wird. Sollten eine oder mehrere der nachstehende Bedingungen von g\u00fcltigen Gesetzen abweichen, werden [&hellip;]<\/p>\n","protected":false},"author":1,"featured_media":0,"parent":0,"menu_order":0,"comment_status":"closed","ping_status":"closed","template":"elementor_header_footer","meta":[],"_links":{"self":[{"href":"https:\/\/fair-key.de\/index.php?rest_route=\/wp\/v2\/pages\/11"}],"collection":[{"href":"https:\/\/fair-key.de\/index.php?rest_route=\/wp\/v2\/pages"}],"about":[{"href":"https:\/\/fair-key.de\/index.php?rest_route=\/wp\/v2\/types\/page"}],"author":[{"embeddable":true,"href":"https:\/\/fair-key.de\/index.php?rest_route=\/wp\/v2\/users\/1"}],"replies":[{"embeddable":true,"href":"https:\/\/fair-key.de\/index.php?rest_route=%2Fwp%2Fv2%2Fcomments&post=11"}],"version-history":[{"count":2,"href":"https:\/\/fair-key.de\/index.php?rest_route=\/wp\/v2\/pages\/11\/revisions"}],"predecessor-version":[{"id":13,"href":"https:\/\/fair-key.de\/index.php?rest_route=\/wp\/v2\/pages\/11\/revisions\/13"}],"wp:attachment":[{"href":"https:\/\/fair-key.de\/index.php?rest_route=%2Fwp%2Fv2%2Fmedia&parent=11"}],"curies":[{"name":"wp","href":"https:\/\/api.w.org\/{rel}","templated":true}]}}